{"id":3451,"date":"2024-10-11T01:03:29","date_gmt":"2024-10-10T23:03:29","guid":{"rendered":"https:\/\/pressurezone.shop\/?post_type=product&#038;p=3451"},"modified":"2024-11-04T02:19:39","modified_gmt":"2024-11-04T01:19:39","slug":"black-nepalese-haschisch","status":"publish","type":"product","link":"https:\/\/pressurezone.shop\/sv\/produkt\/svart-nepalesisk-hasch\/","title":{"rendered":"Svart nepalesisk haschish"},"content":{"rendered":"<h3><strong>K\u00f6p svart nepalesisk hasj online i Europa p\u00e5 <a href=\"https:\/\/pressurezone.shop\/sv\/\" target=\"_new\" rel=\"noopener\">Tryckzonsbutik<\/a><\/strong><\/h3>\n<p>Uppt\u00e4ck de <strong>Svart nepalesisk haschish<\/strong>en s\u00e4llsynt hasch fr\u00e5n de h\u00f6ga bergen i Nepal. Denna hasch av exceptionell kvalitet \u00e4r k\u00e4nd f\u00f6r sin unika, l\u00e4tthanterliga och k\u00e5drika konsistens som ger en intensiv och v\u00e4ldoftande upplevelse. Med sin perfekta blandning av tradition och styrka \u00e4r <strong>Svart nepalesisk haschish<\/strong> \u00e4r perfekt f\u00f6r cannabisentusiaster och de som \u00e4r nya i hasjv\u00e4rlden<\/p>\n<p>&nbsp;<\/p>\n<h3>Unik och autentisk haschish<\/h3>\n<p>Le <strong>Svart nepalesisk haschish<\/strong> k\u00e4nnetecknas av sin mjuka konsistens, vilket underl\u00e4ttas av bevarandet av de hartsartade THC-trichomerna. Detta g\u00f6r det l\u00e4tt att anv\u00e4nda och perfekt f\u00f6r dem som utforskar hasch f\u00f6r f\u00f6rsta g\u00e5ngen. Varje bit kommer fr\u00e5n en l\u00e5ng tradition av haschtillverkning i Nepal och ger en autentisk smak och en kraftfull effekt.<a href=\"https:\/\/fuelpackz.com\/\" target=\"_blank\" rel=\"noopener\">.<\/a><\/p>\n<ul>\n<li><strong>Typ<\/strong> Haschisch Premium fr\u00e5n Nepal<\/li>\n<li><strong>Ursprung<\/strong> Nepals h\u00f6gl\u00e4nder<\/li>\n<\/ul>\n<h3>Varf\u00f6r v\u00e4lja Black Nepalese Hashish?<\/h3>\n<p>Le <strong>Svart nepalesisk haschish<\/strong> \u00e4r perfekt f\u00f6r b\u00e5de finsmakare och nyb\u00f6rjare, tack vare sin enkla hantering och hartsartade konsistens. Denna nepalesiska hasjish erbjuder komplexa smaker av kryddiga toner, balanserade av en ov\u00e4ntad talls\u00f6tma, vilket skapar en unik smakupplevelse.<\/p>\n<ul>\n<li><strong>Dofter<\/strong> Kryddig med en touch av s\u00f6t tall<\/li>\n<li><strong>Effekter<\/strong> Avslappning, eufori, lugnande k\u00e4nsla<\/li>\n<li><strong>Perfekt f\u00f6r<\/strong> Djup avslappning, stresslindring och utforskande av exotiska smaker<\/li>\n<\/ul>\n<h3>Smak och doft av svart nepalesiskt hasch<\/h3>\n<p>Le <strong>Svart nepalesisk haschish<\/strong> transporterar dig till en v\u00e4rld av kryddiga, tr\u00e4iga smaker, kompletterade med en pinjeaktig s\u00f6tma som behagligt \u00f6verraskar gommen. Det h\u00e4r \u00e4r en terpenrik hasch med en len och djup smak som dr\u00f6jer sig kvar i gommen l\u00e5ngt efter intag.<\/p>\n<ul>\n<li><strong>Smaker<\/strong> Kryddiga toner, s\u00f6t tall<\/li>\n<li><strong>Dofter<\/strong> Kryddig, Jordig, Tr\u00e4ig s\u00f6tma<\/li>\n<\/ul>\n<h3>Anv\u00e4ndning och erfarenhet<\/h3>\n<p>Tack vare sin hartsartade konsistens <strong>Svart nepalesisk haschish<\/strong> \u00e4r m\u00e5ngsidig och enkel att anv\u00e4nda:<\/p>\n<ul>\n<li><strong>R\u00f6kning i pipa eller bong<\/strong> f\u00f6r en snabb uppbyggnad av effekter.<\/li>\n<li><strong>Spray<\/strong> f\u00f6r en ren smak och en kontrollerad upplevelse.<\/li>\n<li><strong>Integrerad i en gemensam<\/strong> f\u00f6r rikare smak och st\u00f6rre intensitet.<\/li>\n<\/ul>\n<h3>Best\u00e4ll Black Nepalese Hashish online fr\u00e5n Pressure Zone Shop<\/h3>\n<p>Redo att utforska de unika smakerna och kraften hos <strong>Svart nepalesisk haschish<\/strong> ? Best\u00e4ll nu p\u00e5 <a href=\"https:\/\/pressurezone.shop\/sv\/\" target=\"_new\" rel=\"noopener\">Tryckzonsbutik<\/a> f\u00f6r att njuta av en h\u00f6gkvalitativ traditionell haschish, perfekt f\u00f6r en exotisk och avkopplande upplevelse. <strong>Svart nepalesisk haschish<\/strong> \u00e4r det perfekta valet f\u00f6r en f\u00f6rdjupning i det b\u00e4sta av nepalesisk hasj.<\/p>","protected":false},"excerpt":{"rendered":"<p>Achetez du Black Nepalese Haschisch en Ligne en Europe sur Pressure Zone Shop D\u00e9couvrez le Black Nepalese Haschisch, un haschisch rare provenant des hautes montagnes du N\u00e9pal. Ce haschisch de qualit\u00e9 exceptionnelle est reconnu pour sa texture unique, facile \u00e0 manier et riche en r\u00e9sine, offrant une exp\u00e9rience intense et parfum\u00e9e. Avec son m\u00e9lange parfait [&hellip;]<\/p>","protected":false},"featured_media":3510,"comment_status":"closed","ping_status":"closed","template":"","meta":{"_uag_custom_page_level_css":"","site-sidebar-layout":"default","site-content-layout":"","ast-site-content-layout":"default","site-content-style":"default","site-sidebar-style":"default","ast-global-header-display":"","ast-banner-title-visibility":"","ast-main-header-display":"","ast-hfb-above-header-display":"","ast-hfb-below-header-display":"","ast-hfb-mobile-header-display":"","site-post-title":"","ast-breadcrumbs-content":"","ast-featured-img":"","footer-sml-layout":"","theme-transparent-header-meta":"default","adv-header-id-meta":"","stick-header-meta":"","header-above-stick-meta":"","header-main-stick-meta":"","header-below-stick-meta":"","astra-migrate-meta-layouts":"set","ast-page-background-enabled":"default","ast-page-background-meta":{"desktop":{"background-color":"","background-image":"","background-repeat":"repeat","background-position":"center center","background-size":"auto","background-attachment":"scroll","background-type":"","background-media":"","overlay-type":"","overlay-color":"","overlay-opacity":"","overlay-gradient":""},"tablet":{"background-color":"","background-image":"","background-repeat":"repeat","background-position":"center center","background-size":"auto","background-attachment":"scroll","background-type":"","background-media":"","overlay-type":"","overlay-color":"","overlay-opacity":"","overlay-gradient":""},"mobile":{"background-color":"","background-image":"","background-repeat":"repeat","background-position":"center center","background-size":"auto","background-attachment":"scroll","background-type":"","background-media":"","overlay-type":"","overlay-color":"","overlay-opacity":"","overlay-gradient":""}},"ast-content-background-meta":{"desktop":{"background-color":"var(--ast-global-color-5)","background-image":"","background-repeat":"repeat","background-position":"center center","background-size":"auto","background-attachment":"scroll","background-type":"","background-media":"","overlay-type":"","overlay-color":"","overlay-opacity":"","overlay-gradient":""},"tablet":{"background-color":"var(--ast-global-color-5)","background-image":"","background-repeat":"repeat","background-position":"center center","background-size":"auto","background-attachment":"scroll","background-type":"","background-media":"","overlay-type":"","overlay-color":"","overlay-opacity":"","overlay-gradient":""},"mobile":{"background-color":"var(--ast-global-color-5)","background-image":"","background-repeat":"repeat","background-position":"center center","background-size":"auto","background-attachment":"scroll","background-type":"","background-media":"","overlay-type":"","overlay-color":"","overlay-opacity":"","overlay-gradient":""}}},"product_brand":[],"product_cat":[334,29],"product_tag":[501,151,123,490],"class_list":{"0":"post-3451","1":"product","2":"type-product","3":"status-publish","4":"has-post-thumbnail","6":"product_cat-concentres-de-marijuana","7":"product_cat-haschisch","8":"product_tag-black-nepalese-haschisch","9":"product_tag-haschisch","10":"product_tag-hashish","11":"product_tag-order-black-nepalese-hash-europe","12":"desktop-align-left","13":"tablet-align-left","14":"mobile-align-left","16":"first","17":"instock","18":"shipping-taxable","19":"purchasable","20":"product-type-variable"},"uagb_featured_image_src":{"full":["https:\/\/pressurezone.shop\/wp-content\/uploads\/2024\/10\/Black-Nepalese-Hash.jpg",768,768,false],"thumbnail":["https:\/\/pressurezone.shop\/wp-content\/uploads\/2024\/10\/Black-Nepalese-Hash-150x150.jpg",150,150,true],"medium":["https:\/\/pressurezone.shop\/wp-content\/uploads\/2024\/10\/Black-Nepalese-Hash-300x300.jpg",300,300,true],"medium_large":["https:\/\/pressurezone.shop\/wp-content\/uploads\/2024\/10\/Black-Nepalese-Hash.jpg",768,768,false],"large":["https:\/\/pressurezone.shop\/wp-content\/uploads\/2024\/10\/Black-Nepalese-Hash.jpg",768,768,false],"1536x1536":["https:\/\/pressurezone.shop\/wp-content\/uploads\/2024\/10\/Black-Nepalese-Hash.jpg",768,768,false],"2048x2048":["https:\/\/pressurezone.shop\/wp-content\/uploads\/2024\/10\/Black-Nepalese-Hash.jpg",768,768,false],"trp-custom-language-flag":["https:\/\/pressurezone.shop\/wp-content\/uploads\/2024\/10\/Black-Nepalese-Hash-12x12.jpg",12,12,true],"woocommerce_thumbnail":["https:\/\/pressurezone.shop\/wp-content\/uploads\/2024\/10\/Black-Nepalese-Hash-300x300.jpg",300,300,true],"woocommerce_single":["https:\/\/pressurezone.shop\/wp-content\/uploads\/2024\/10\/Black-Nepalese-Hash-600x600.jpg",600,600,true],"woocommerce_gallery_thumbnail":["https:\/\/pressurezone.shop\/wp-content\/uploads\/2024\/10\/Black-Nepalese-Hash-100x100.jpg",100,100,true]},"uagb_author_info":{"display_name":"pressurezone.shop","author_link":"https:\/\/pressurezone.shop\/sv\/author\/"},"uagb_comment_info":0,"uagb_excerpt":"Achetez du Black Nepalese Haschisch en Ligne en Europe sur Pressure Zone Shop D\u00e9couvrez le Black Nepalese Haschisch, un haschisch rare provenant des hautes montagnes du N\u00e9pal. Ce haschisch de qualit\u00e9 exceptionnelle est reconnu pour sa texture unique, facile \u00e0 manier et riche en r\u00e9sine, offrant une exp\u00e9rience intense et parfum\u00e9e. Avec son m\u00e9lange parfait&hellip;","_links":{"self":[{"href":"https:\/\/pressurezone.shop\/sv\/wp-json\/wp\/v2\/product\/3451"}],"collection":[{"href":"https:\/\/pressurezone.shop\/sv\/wp-json\/wp\/v2\/product"}],"about":[{"href":"https:\/\/pressurezone.shop\/sv\/wp-json\/wp\/v2\/types\/product"}],"replies":[{"embeddable":true,"href":"https:\/\/pressurezone.shop\/sv\/wp-json\/wp\/v2\/comments?post=3451"}],"version-history":[{"count":3,"href":"https:\/\/pressurezone.shop\/sv\/wp-json\/wp\/v2\/product\/3451\/revisions"}],"predecessor-version":[{"id":4118,"href":"https:\/\/pressurezone.shop\/sv\/wp-json\/wp\/v2\/product\/3451\/revisions\/4118"}],"wp:featuredmedia":[{"embeddable":true,"href":"https:\/\/pressurezone.shop\/sv\/wp-json\/wp\/v2\/media\/3510"}],"wp:attachment":[{"href":"https:\/\/pressurezone.shop\/sv\/wp-json\/wp\/v2\/media?parent=3451"}],"wp:term":[{"taxonomy":"product_brand","embeddable":true,"href":"https:\/\/pressurezone.shop\/sv\/wp-json\/wp\/v2\/product_brand?post=3451"},{"taxonomy":"product_cat","embeddable":true,"href":"https:\/\/pressurezone.shop\/sv\/wp-json\/wp\/v2\/product_cat?post=3451"},{"taxonomy":"product_tag","embeddable":true,"href":"https:\/\/pressurezone.shop\/sv\/wp-json\/wp\/v2\/product_tag?post=3451"}],"curies":[{"name":"wp","href":"https:\/\/api.w.org\/{rel}","templated":true}]}}