{"id":3453,"date":"2024-10-11T01:03:29","date_gmt":"2024-10-10T23:03:29","guid":{"rendered":"https:\/\/pressurezone.shop\/?post_type=product&#038;p=3453"},"modified":"2024-11-04T20:38:04","modified_gmt":"2024-11-04T19:38:04","slug":"haschisch-malana-elephant-weed","status":"publish","type":"product","link":"https:\/\/pressurezone.shop\/sv\/produkt\/haschish-malana-elefant-gras\/","title":{"rendered":"Haschisch Malana Elefant Gr\u00e4s"},"content":{"rendered":"<h3><strong>K\u00f6p Hashish Malana Elephant Weed online i Europa p\u00e5 <a href=\"https:\/\/pressurezone.shop\/sv\/\" target=\"_new\" rel=\"noopener\">Tryckzonsbutik<\/a><\/strong><\/h3>\n<p>Uppt\u00e4ck de <strong>Haschisch Malana Elefant Gr\u00e4s<\/strong>en legendarisk importerad hasch av AAAA+-kvalitet direkt fr\u00e5n Indien, ett land som \u00e4r k\u00e4nt f\u00f6r sin urgamla haschexpertis. Denna h\u00f6gkvalitativa hasch \u00e4r tillverkad av f\u00e4rska cannabisplantor, inte torkade eller raffinerade, vilket ger en aromatisk upplevelse med rik smak.<\/p>\n<h3>Varf\u00f6r v\u00e4lja Haschisch Malana Elephant?<\/h3>\n<p>Le <strong>Haschisch Malana Elefant<\/strong> utm\u00e4rker sig genom sin unika tillverkningsmetod: genom att anv\u00e4nda f\u00e4rska, levande cannabisplantor garanterar odlarna en produkt av exceptionell kvalitet och styrka. Resultatet \u00e4r en haschish med en gummiaktig konsistens, l\u00e4tt att hantera och en o\u00f6vertr\u00e4ffad smakprofil. Denna legendariska haschish \u00e4r ett f\u00f6rstahandsval f\u00f6r dem som s\u00f6ker en autentisk cannabisupplevelse.<\/p>\n<ul>\n<li><strong>Typ<\/strong> : Indisk hasch av h\u00f6gsta kvalitet<\/li>\n<li><strong>Ursprung<\/strong> Indien, Malana Valley<\/li>\n<\/ul>\n<h3>Smak och doft av Malana Elephant-haschisch<\/h3>\n<p>Le <strong>Haschisch Malana Elefant<\/strong> erbjuder en unik palett av smaker och aromer som kombinerar tr\u00e4iga, peppriga och s\u00f6ta toner. Dess rika smak och omslutande arom skapar en sensorisk upplevelse som f\u00f6rflyttar dig till hj\u00e4rtat av Himalayas berg. Dess naturligt s\u00f6ta och peppriga essens \u00e4r perfekt f\u00f6r \u00e4lskare av djupa, autentiska smaker.<\/p>\n<ul>\n<li><strong>Smaker<\/strong> : S\u00f6t, pepprig, tr\u00e4ig<\/li>\n<li><strong>Dofter<\/strong> Jordig, Kryddig, Toner av tr\u00e4 och peppar<\/li>\n<\/ul>\n<h3>Effekter och f\u00f6rdelar med Hashish Malana Elephant<\/h3>\n<p>Le <strong>Haschisch Malana Elefant<\/strong> \u00e4r k\u00e4nd f\u00f6r sina kraftfulla, avslappnande effekter, perfekt f\u00f6r att lugna sinnet och slappna av i kroppen. Denna hasch ger en k\u00e4nsla av djupt v\u00e4lbefinnande och inre lugn, perfekt f\u00f6r fullst\u00e4ndig avkoppling i slutet av dagen. Det \u00e4r ett perfekt val f\u00f6r cannabisk\u00e4nnare och de som s\u00f6ker intensiv avslappning.<\/p>\n<ul>\n<li><strong>Effekter<\/strong> : Avslappning, V\u00e4lbefinnande, Lugnande<\/li>\n<li><strong>Perfekt f\u00f6r<\/strong> Kv\u00e4llsavslappning, stresshantering, djupavslappning<\/li>\n<\/ul>\n<h3>En unik tillverkningsprocess<\/h3>\n<p>Med ursprung i en m\u00e5nghundra\u00e5rig tradition <strong>Haschisch Malana Elefant<\/strong> produceras fr\u00e5n levande v\u00e4xter, en metod som bevarar de v\u00e4sentliga terpenerna och cannabinoiderna. Denna unika process, som utf\u00f6rs i Indiens berg, ger en haschish som \u00e4r b\u00e5de kraftfull och aromatisk, perfekt f\u00f6r dem som letar efter en produkt av exceptionell kvalitet.<a href=\"https:\/\/fuelpackz.com\/\" target=\"_blank\" rel=\"noopener\">.<\/a><\/p>\n<h3>Anv\u00e4ndning och erfarenhet<\/h3>\n<p>Le <strong>Haschisch Malana Elefant<\/strong> \u00e4r m\u00e5ngsidig och kan anpassas till olika konsumtionsmetoder, s\u00e5 att du kan dra full nytta av dess aromer och effekter:<\/p>\n<ul>\n<li><strong>R\u00f6kning i pipa eller bong<\/strong> f\u00f6r en snabb uppbyggnad av effekter.<\/li>\n<li><strong>Inf\u00f6rliva i en gemensam<\/strong> f\u00f6r att berika smaken och f\u00f6rl\u00e4nga den avslappnande effekten.<\/li>\n<li><strong>Spray<\/strong> f\u00f6r en ren smakupplevelse och optimal kontroll av effekterna.<\/li>\n<\/ul>\n<h3>Best\u00e4ll Haschisch Malana Elephant online p\u00e5 Pressure Zone Shop<\/h3>\n<p>Redo att uppt\u00e4cka \u00e4ktheten och kraften i <strong>Haschisch Malana Elefant<\/strong> ? Best\u00e4ll nu p\u00e5 <a href=\"https:\/\/pressurezone.shop\/sv\/\" target=\"_new\" rel=\"noopener\">Tryckzonsbutik<\/a> f\u00f6r en unik upplevelse inspirerad av Indiens heliga l\u00e4nder. <strong>Malana Elefant Hasch<\/strong> \u00e4r det perfekta valet f\u00f6r en total f\u00f6rdjupning i haschtraditionen.<\/p>","protected":false},"excerpt":{"rendered":"<p>Achetez le Haschisch Malana Elephant Weed en Ligne en Europe sur Pressure Zone Shop D\u00e9couvrez le Haschisch Malana Elephant Weed, un haschisch l\u00e9gendaire import\u00e9 de qualit\u00e9 AAAA+ provenant directement de l&rsquo;Inde, une terre reconnue pour son expertise ancestrale en mati\u00e8re de haschisch. Ce haschisch de haute qualit\u00e9 est fabriqu\u00e9 avec des plantes de cannabis fra\u00eeches, [&hellip;]<\/p>","protected":false},"featured_media":3514,"comment_status":"closed","ping_status":"closed","template":"","meta":{"_uag_custom_page_level_css":"","site-sidebar-layout":"default","site-content-layout":"","ast-site-content-layout":"default","site-content-style":"default","site-sidebar-style":"default","ast-global-header-display":"","ast-banner-title-visibility":"","ast-main-header-display":"","ast-hfb-above-header-display":"","ast-hfb-below-header-display":"","ast-hfb-mobile-header-display":"","site-post-title":"","ast-breadcrumbs-content":"","ast-featured-img":"","footer-sml-layout":"","theme-transparent-header-meta":"default","adv-header-id-meta":"","stick-header-meta":"","header-above-stick-meta":"","header-main-stick-meta":"","header-below-stick-meta":"","astra-migrate-meta-layouts":"set","ast-page-background-enabled":"default","ast-page-background-meta":{"desktop":{"background-color":"","background-image":"","background-repeat":"repeat","background-position":"center center","background-size":"auto","background-attachment":"scroll","background-type":"","background-media":"","overlay-type":"","overlay-color":"","overlay-opacity":"","overlay-gradient":""},"tablet":{"background-color":"","background-image":"","background-repeat":"repeat","background-position":"center center","background-size":"auto","background-attachment":"scroll","background-type":"","background-media":"","overlay-type":"","overlay-color":"","overlay-opacity":"","overlay-gradient":""},"mobile":{"background-color":"","background-image":"","background-repeat":"repeat","background-position":"center center","background-size":"auto","background-attachment":"scroll","background-type":"","background-media":"","overlay-type":"","overlay-color":"","overlay-opacity":"","overlay-gradient":""}},"ast-content-background-meta":{"desktop":{"background-color":"var(--ast-global-color-5)","background-image":"","background-repeat":"repeat","background-position":"center center","background-size":"auto","background-attachment":"scroll","background-type":"","background-media":"","overlay-type":"","overlay-color":"","overlay-opacity":"","overlay-gradient":""},"tablet":{"background-color":"var(--ast-global-color-5)","background-image":"","background-repeat":"repeat","background-position":"center center","background-size":"auto","background-attachment":"scroll","background-type":"","background-media":"","overlay-type":"","overlay-color":"","overlay-opacity":"","overlay-gradient":""},"mobile":{"background-color":"var(--ast-global-color-5)","background-image":"","background-repeat":"repeat","background-position":"center center","background-size":"auto","background-attachment":"scroll","background-type":"","background-media":"","overlay-type":"","overlay-color":"","overlay-opacity":"","overlay-gradient":""}}},"product_brand":[],"product_cat":[334,29],"product_tag":[491],"class_list":{"0":"post-3453","1":"product","2":"type-product","3":"status-publish","4":"has-post-thumbnail","6":"product_cat-concentres-de-marijuana","7":"product_cat-haschisch","8":"product_tag-malana-elephant-weed-hash-for-sale-europe","9":"desktop-align-left","10":"tablet-align-left","11":"mobile-align-left","13":"first","14":"instock","15":"shipping-taxable","16":"purchasable","17":"product-type-variable"},"uagb_featured_image_src":{"full":["https:\/\/pressurezone.shop\/wp-content\/uploads\/2024\/10\/Malana-Elephant-Weed-Hash.jpg",768,768,false],"thumbnail":["https:\/\/pressurezone.shop\/wp-content\/uploads\/2024\/10\/Malana-Elephant-Weed-Hash-150x150.jpg",150,150,true],"medium":["https:\/\/pressurezone.shop\/wp-content\/uploads\/2024\/10\/Malana-Elephant-Weed-Hash-300x300.jpg",300,300,true],"medium_large":["https:\/\/pressurezone.shop\/wp-content\/uploads\/2024\/10\/Malana-Elephant-Weed-Hash.jpg",768,768,false],"large":["https:\/\/pressurezone.shop\/wp-content\/uploads\/2024\/10\/Malana-Elephant-Weed-Hash.jpg",768,768,false],"1536x1536":["https:\/\/pressurezone.shop\/wp-content\/uploads\/2024\/10\/Malana-Elephant-Weed-Hash.jpg",768,768,false],"2048x2048":["https:\/\/pressurezone.shop\/wp-content\/uploads\/2024\/10\/Malana-Elephant-Weed-Hash.jpg",768,768,false],"trp-custom-language-flag":["https:\/\/pressurezone.shop\/wp-content\/uploads\/2024\/10\/Malana-Elephant-Weed-Hash-12x12.jpg",12,12,true],"woocommerce_thumbnail":["https:\/\/pressurezone.shop\/wp-content\/uploads\/2024\/10\/Malana-Elephant-Weed-Hash-300x300.jpg",300,300,true],"woocommerce_single":["https:\/\/pressurezone.shop\/wp-content\/uploads\/2024\/10\/Malana-Elephant-Weed-Hash-600x600.jpg",600,600,true],"woocommerce_gallery_thumbnail":["https:\/\/pressurezone.shop\/wp-content\/uploads\/2024\/10\/Malana-Elephant-Weed-Hash-100x100.jpg",100,100,true]},"uagb_author_info":{"display_name":"pressurezone.shop","author_link":"https:\/\/pressurezone.shop\/sv\/author\/"},"uagb_comment_info":0,"uagb_excerpt":"Achetez le Haschisch Malana Elephant Weed en Ligne en Europe sur Pressure Zone Shop D\u00e9couvrez le Haschisch Malana Elephant Weed, un haschisch l\u00e9gendaire import\u00e9 de qualit\u00e9 AAAA+ provenant directement de l&rsquo;Inde, une terre reconnue pour son expertise ancestrale en mati\u00e8re de haschisch. Ce haschisch de haute qualit\u00e9 est fabriqu\u00e9 avec des plantes de cannabis fra\u00eeches,&hellip;","_links":{"self":[{"href":"https:\/\/pressurezone.shop\/sv\/wp-json\/wp\/v2\/product\/3453"}],"collection":[{"href":"https:\/\/pressurezone.shop\/sv\/wp-json\/wp\/v2\/product"}],"about":[{"href":"https:\/\/pressurezone.shop\/sv\/wp-json\/wp\/v2\/types\/product"}],"replies":[{"embeddable":true,"href":"https:\/\/pressurezone.shop\/sv\/wp-json\/wp\/v2\/comments?post=3453"}],"version-history":[{"count":4,"href":"https:\/\/pressurezone.shop\/sv\/wp-json\/wp\/v2\/product\/3453\/revisions"}],"predecessor-version":[{"id":4232,"href":"https:\/\/pressurezone.shop\/sv\/wp-json\/wp\/v2\/product\/3453\/revisions\/4232"}],"wp:featuredmedia":[{"embeddable":true,"href":"https:\/\/pressurezone.shop\/sv\/wp-json\/wp\/v2\/media\/3514"}],"wp:attachment":[{"href":"https:\/\/pressurezone.shop\/sv\/wp-json\/wp\/v2\/media?parent=3453"}],"wp:term":[{"taxonomy":"product_brand","embeddable":true,"href":"https:\/\/pressurezone.shop\/sv\/wp-json\/wp\/v2\/product_brand?post=3453"},{"taxonomy":"product_cat","embeddable":true,"href":"https:\/\/pressurezone.shop\/sv\/wp-json\/wp\/v2\/product_cat?post=3453"},{"taxonomy":"product_tag","embeddable":true,"href":"https:\/\/pressurezone.shop\/sv\/wp-json\/wp\/v2\/product_tag?post=3453"}],"curies":[{"name":"wp","href":"https:\/\/api.w.org\/{rel}","templated":true}]}}