{"id":3472,"date":"2024-10-11T01:03:53","date_gmt":"2024-10-10T23:03:53","guid":{"rendered":"https:\/\/pressurezone.shop\/?post_type=product&#038;p=3472"},"modified":"2024-11-04T20:26:12","modified_gmt":"2024-11-04T19:26:12","slug":"haschisch-laughing-buddha","status":"publish","type":"product","link":"https:\/\/pressurezone.shop\/sv\/produkt\/haschish-skrattande-buddha\/","title":{"rendered":"Haschisch Skrattande Buddha"},"content":{"rendered":"<h3><strong>K\u00f6p Laughing Buddha Hashish online i Europa p\u00e5 <a href=\"https:\/\/pressurezone.shop\/sv\/\" target=\"_new\" rel=\"noopener\">Tryckzonsbutik<\/a><\/strong><\/h3>\n<p>Uppt\u00e4ck de <strong>Haschisch Skrattande Buddha<\/strong>en exotisk och raffinerad haschish gjord av premium Laughing Buddha-v\u00e4xter. Denna haschish i toppklass \u00e4r designad f\u00f6r cannabisk\u00e4nnare och entusiaster och \u00e4r gjord av nyfrysta Laughing Buddha-trichomer, vilket garanterar exceptionell kvalitet i varje steg i processen.<\/p>\n<h3>Varf\u00f6r v\u00e4lja Haschisch Laughing Buddha?<\/h3>\n<p>Le <strong>Haschisch Skrattande Buddha<\/strong> utm\u00e4rker sig genom sin noggranna produktionsprocess, som varar i \u00f6ver 100 timmar, vilket ger den karakt\u00e4ristiska flexibiliteten och den l\u00e4tthanterliga konsistensen. Dess o\u00f6vertr\u00e4ffade f\u00e4rskhet och \u00f6verl\u00e4gsna kvalitet g\u00f6r den till ett perfekt val f\u00f6r dem som s\u00f6ker en autentisk och sofistikerad haschupplevelse. Njut av intensiv avslappning och total f\u00f6rdjupning i en v\u00e4rld av premium cannabis.<\/p>\n<ul>\n<li><strong>Typ<\/strong> : Premium exotisk hasch<\/li>\n<li><strong>Ursprung<\/strong> : Utvalda Laughing Buddha-v\u00e4xter<\/li>\n<\/ul>\n<h3>Smak och doft av hasch fr\u00e5n Laughing Buddha<\/h3>\n<p>Le <strong>Haschisch Skrattande Buddha<\/strong> har en unik och subtil smakprofil som f\u00f6rst\u00e4rks av \u00f6rttoner och naturlig s\u00f6tma. Dess smidiga konsistens och fr\u00e4sch\u00f6r ger en delikat sensorisk upplevelse, perfekt f\u00f6r finsmakare p\u00e5 jakt efter balanserade smaker.<a href=\"https:\/\/fuelpackz.com\/\" target=\"_blank\" rel=\"noopener\">.<\/a><\/p>\n<ul>\n<li><strong>Smaker<\/strong> Mjuk, \u00f6rtartad, naturlig<\/li>\n<li><strong>Dofter<\/strong> Fr\u00e4sch, subtil, \u00f6rtartade toner<\/li>\n<\/ul>\n<h3>Effekter och f\u00f6rdelar med Laughing Buddha Hashish<\/h3>\n<p>Le <strong>Haschisch Skrattande Buddha<\/strong> \u00e4r k\u00e4nd f\u00f6r sin avslappnande och euforiska effekt, idealisk f\u00f6r att lugna sinnet och ge allm\u00e4nt v\u00e4lbefinnande. Denna premium hasch kastar dig in i ett tillst\u00e5nd av lugn och avkoppling, perfekt f\u00f6r anv\u00e4ndning i slutet av dagen eller p\u00e5 kv\u00e4llen f\u00f6r att sl\u00e4ppa alla sp\u00e4nningar.<\/p>\n<ul>\n<li><strong>Effekter<\/strong> Avslappning, eufori, v\u00e4lbefinnande<\/li>\n<li><strong>Perfekt f\u00f6r<\/strong> Avkoppling p\u00e5 kv\u00e4llen, stresslindring, allm\u00e4nt lugnande<\/li>\n<\/ul>\n<h3>En exceptionell tillverkningsprocess<\/h3>\n<p>Tillverkad av f\u00e4rskfrysta trikomer, \u00e4r <strong>Haschisch Skrattande Buddha<\/strong> garanterar \u00f6verl\u00e4gsen kvalitet och unik f\u00e4rskhet. Denna noggranna produktionsprocess bevarar de v\u00e4sentliga terpenerna och cannabinoiderna, vilket garanterar oj\u00e4mf\u00f6rlig renhet och styrka i varje session.<\/p>\n<h3>Anv\u00e4ndning och erfarenhet<\/h3>\n<p>Le <strong>Haschisch Skrattande Buddha<\/strong> \u00e4r m\u00e5ngsidig och kan \u00e4tas enligt dina preferenser:<\/p>\n<ul>\n<li><strong>R\u00f6kning i pipa eller bong<\/strong> f\u00f6r snabba och l\u00e5ngvariga resultat.<\/li>\n<li><strong>Inf\u00f6rliva i en gemensam<\/strong> f\u00f6r att berika smaken och f\u00f6rl\u00e4nga den avslappnande effekten.<\/li>\n<li><strong>Spray<\/strong> f\u00f6r en ren smakupplevelse och optimal kontroll av effekterna.<\/li>\n<\/ul>\n<h3>Best\u00e4ll Haschisch Laughing Buddha online p\u00e5 Pressure Zone Shop<\/h3>\n<p>Redo att uppt\u00e4cka exotismen och den exceptionella kvaliteten hos <strong>Haschisch Skrattande Buddha<\/strong> ? Best\u00e4ll nu p\u00e5 <a href=\"https:\/\/pressurezone.shop\/sv\/\" target=\"_new\" rel=\"noopener\">Tryckzonsbutik<\/a> f\u00f6r att njuta av raffinerad hasch och den ultimata avslappningsupplevelsen. <strong>Skrattande Buddha Hash<\/strong> \u00e4r det perfekta valet f\u00f6r sinnesupplevelse och total avkoppling.<\/p>","protected":false},"excerpt":{"rendered":"<p>Achetez le Haschisch Laughing Buddha en Ligne en Europe sur Pressure Zone Shop D\u00e9couvrez le Haschisch Laughing Buddha, un haschisch exotique et raffin\u00e9 issu de plantes premium Laughing Buddha. Con\u00e7u pour les connaisseurs et amateurs de cannabis, ce haschisch haut de gamme est fabriqu\u00e9 \u00e0 partir de trichomes de Laughing Buddha fra\u00eechement congel\u00e9s, garantissant une [&hellip;]<\/p>","protected":false},"featured_media":3516,"comment_status":"closed","ping_status":"closed","template":"","meta":{"_uag_custom_page_level_css":"","site-sidebar-layout":"default","site-content-layout":"","ast-site-content-layout":"default","site-content-style":"default","site-sidebar-style":"default","ast-global-header-display":"","ast-banner-title-visibility":"","ast-main-header-display":"","ast-hfb-above-header-display":"","ast-hfb-below-header-display":"","ast-hfb-mobile-header-display":"","site-post-title":"","ast-breadcrumbs-content":"","ast-featured-img":"","footer-sml-layout":"","theme-transparent-header-meta":"default","adv-header-id-meta":"","stick-header-meta":"","header-above-stick-meta":"","header-main-stick-meta":"","header-below-stick-meta":"","astra-migrate-meta-layouts":"set","ast-page-background-enabled":"default","ast-page-background-meta":{"desktop":{"background-color":"","background-image":"","background-repeat":"repeat","background-position":"center center","background-size":"auto","background-attachment":"scroll","background-type":"","background-media":"","overlay-type":"","overlay-color":"","overlay-opacity":"","overlay-gradient":""},"tablet":{"background-color":"","background-image":"","background-repeat":"repeat","background-position":"center center","background-size":"auto","background-attachment":"scroll","background-type":"","background-media":"","overlay-type":"","overlay-color":"","overlay-opacity":"","overlay-gradient":""},"mobile":{"background-color":"","background-image":"","background-repeat":"repeat","background-position":"center center","background-size":"auto","background-attachment":"scroll","background-type":"","background-media":"","overlay-type":"","overlay-color":"","overlay-opacity":"","overlay-gradient":""}},"ast-content-background-meta":{"desktop":{"background-color":"var(--ast-global-color-5)","background-image":"","background-repeat":"repeat","background-position":"center center","background-size":"auto","background-attachment":"scroll","background-type":"","background-media":"","overlay-type":"","overlay-color":"","overlay-opacity":"","overlay-gradient":""},"tablet":{"background-color":"var(--ast-global-color-5)","background-image":"","background-repeat":"repeat","background-position":"center center","background-size":"auto","background-attachment":"scroll","background-type":"","background-media":"","overlay-type":"","overlay-color":"","overlay-opacity":"","overlay-gradient":""},"mobile":{"background-color":"var(--ast-global-color-5)","background-image":"","background-repeat":"repeat","background-position":"center center","background-size":"auto","background-attachment":"scroll","background-type":"","background-media":"","overlay-type":"","overlay-color":"","overlay-opacity":"","overlay-gradient":""}}},"product_brand":[],"product_cat":[334,29],"product_tag":[492],"class_list":{"0":"post-3472","1":"product","2":"type-product","3":"status-publish","4":"has-post-thumbnail","6":"product_cat-concentres-de-marijuana","7":"product_cat-haschisch","8":"product_tag-buy-laughing-buddha-hash-eu","9":"desktop-align-left","10":"tablet-align-left","11":"mobile-align-left","13":"first","14":"instock","15":"shipping-taxable","16":"purchasable","17":"product-type-variable"},"uagb_featured_image_src":{"full":["https:\/\/pressurezone.shop\/wp-content\/uploads\/2024\/10\/Laughing-Buddha-Hash-EU.jpg",768,768,false],"thumbnail":["https:\/\/pressurezone.shop\/wp-content\/uploads\/2024\/10\/Laughing-Buddha-Hash-EU-150x150.jpg",150,150,true],"medium":["https:\/\/pressurezone.shop\/wp-content\/uploads\/2024\/10\/Laughing-Buddha-Hash-EU-300x300.jpg",300,300,true],"medium_large":["https:\/\/pressurezone.shop\/wp-content\/uploads\/2024\/10\/Laughing-Buddha-Hash-EU.jpg",768,768,false],"large":["https:\/\/pressurezone.shop\/wp-content\/uploads\/2024\/10\/Laughing-Buddha-Hash-EU.jpg",768,768,false],"1536x1536":["https:\/\/pressurezone.shop\/wp-content\/uploads\/2024\/10\/Laughing-Buddha-Hash-EU.jpg",768,768,false],"2048x2048":["https:\/\/pressurezone.shop\/wp-content\/uploads\/2024\/10\/Laughing-Buddha-Hash-EU.jpg",768,768,false],"trp-custom-language-flag":["https:\/\/pressurezone.shop\/wp-content\/uploads\/2024\/10\/Laughing-Buddha-Hash-EU-12x12.jpg",12,12,true],"woocommerce_thumbnail":["https:\/\/pressurezone.shop\/wp-content\/uploads\/2024\/10\/Laughing-Buddha-Hash-EU-300x300.jpg",300,300,true],"woocommerce_single":["https:\/\/pressurezone.shop\/wp-content\/uploads\/2024\/10\/Laughing-Buddha-Hash-EU-600x600.jpg",600,600,true],"woocommerce_gallery_thumbnail":["https:\/\/pressurezone.shop\/wp-content\/uploads\/2024\/10\/Laughing-Buddha-Hash-EU-100x100.jpg",100,100,true]},"uagb_author_info":{"display_name":"pressurezone.shop","author_link":"https:\/\/pressurezone.shop\/sv\/author\/"},"uagb_comment_info":0,"uagb_excerpt":"Achetez le Haschisch Laughing Buddha en Ligne en Europe sur Pressure Zone Shop D\u00e9couvrez le Haschisch Laughing Buddha, un haschisch exotique et raffin\u00e9 issu de plantes premium Laughing Buddha. Con\u00e7u pour les connaisseurs et amateurs de cannabis, ce haschisch haut de gamme est fabriqu\u00e9 \u00e0 partir de trichomes de Laughing Buddha fra\u00eechement congel\u00e9s, garantissant une&hellip;","_links":{"self":[{"href":"https:\/\/pressurezone.shop\/sv\/wp-json\/wp\/v2\/product\/3472"}],"collection":[{"href":"https:\/\/pressurezone.shop\/sv\/wp-json\/wp\/v2\/product"}],"about":[{"href":"https:\/\/pressurezone.shop\/sv\/wp-json\/wp\/v2\/types\/product"}],"replies":[{"embeddable":true,"href":"https:\/\/pressurezone.shop\/sv\/wp-json\/wp\/v2\/comments?post=3472"}],"version-history":[{"count":3,"href":"https:\/\/pressurezone.shop\/sv\/wp-json\/wp\/v2\/product\/3472\/revisions"}],"predecessor-version":[{"id":4215,"href":"https:\/\/pressurezone.shop\/sv\/wp-json\/wp\/v2\/product\/3472\/revisions\/4215"}],"wp:featuredmedia":[{"embeddable":true,"href":"https:\/\/pressurezone.shop\/sv\/wp-json\/wp\/v2\/media\/3516"}],"wp:attachment":[{"href":"https:\/\/pressurezone.shop\/sv\/wp-json\/wp\/v2\/media?parent=3472"}],"wp:term":[{"taxonomy":"product_brand","embeddable":true,"href":"https:\/\/pressurezone.shop\/sv\/wp-json\/wp\/v2\/product_brand?post=3472"},{"taxonomy":"product_cat","embeddable":true,"href":"https:\/\/pressurezone.shop\/sv\/wp-json\/wp\/v2\/product_cat?post=3472"},{"taxonomy":"product_tag","embeddable":true,"href":"https:\/\/pressurezone.shop\/sv\/wp-json\/wp\/v2\/product_tag?post=3472"}],"curies":[{"name":"wp","href":"https:\/\/api.w.org\/{rel}","templated":true}]}}