{"id":3473,"date":"2024-10-11T01:03:53","date_gmt":"2024-10-10T23:03:53","guid":{"rendered":"https:\/\/pressurezone.shop\/?post_type=product&#038;p=3473"},"modified":"2024-11-04T19:23:56","modified_gmt":"2024-11-04T18:23:56","slug":"haschisch-rouge-libanais","status":"publish","type":"product","link":"https:\/\/pressurezone.shop\/sv\/produkt\/libanesisk-rod-haschish\/","title":{"rendered":"R\u00f6d libanesisk haschish"},"content":{"rendered":"<h3><strong>K\u00f6p Red Lebanese Hashish online i Europa p\u00e5 <a href=\"https:\/\/pressurezone.shop\/sv\/\" target=\"_new\" rel=\"noopener\">Tryckzonsbutik<\/a><\/strong><\/h3>\n<p>Uppt\u00e4ck den legendariska <strong>R\u00f6d libanesisk haschish<\/strong>Denna variant \u00e4r k\u00e4nd f\u00f6r sina kraftfulla cerebrala effekter, \u00e4ven om den alltid \u00e5tf\u00f6ljs av djup fysisk avkoppling. Mer stimulerande \u00e4n andra traditionella typer av hasj, den <strong>R\u00f6d libanesisk haschish<\/strong> erbjuder en unik upplevelse, med en intensiv kroppssten och anm\u00e4rkningsv\u00e4rda v\u00e5gor av avkoppling, som ofta \u00f6vertr\u00e4ffar de av marockansk hasj.<\/p>\n<h3>En kulturell ikon av h\u00f6g kvalitet<\/h3>\n<p>Le <strong>R\u00f6d libanesisk haschish<\/strong> \u00e4r inte bara en cannabisprodukt - den har sina r\u00f6tter i Mellan\u00f6sterns kultur och historia. Libanesiskt hasch, som \u00e4r k\u00e4nt \u00f6ver hela v\u00e4rlden f\u00f6r sin exceptionella AAAA+-kvalitet, kommer fr\u00e5n Baalbekdalen, d\u00e4r de tuffa f\u00f6rh\u00e5llandena och det rigor\u00f6sa klimatet uppmuntrar utvecklingen av tjocka lager av THC-trichomer p\u00e5 de lokala cannabisplantorna. Denna naturliga process f\u00f6rb\u00e4ttrar styrkan, kvaliteten och renheten hos <strong>R\u00f6d libanesisk haschish<\/strong>Det anses vara en av de b\u00e4sta autentiska hasjish.<\/p>\n<ul>\n<li><strong>Typ<\/strong> : Premium libanesisk haschish<\/li>\n<li><strong>Ursprung<\/strong> Baalbekdalen, Libanon<\/li>\n<\/ul>\n<h3>Varf\u00f6r v\u00e4lja libanesisk r\u00f6d haschish?<\/h3>\n<p>Le <strong>R\u00f6d libanesisk haschish<\/strong> \u00e4r det perfekta valet f\u00f6r dem som s\u00f6ker o\u00f6vertr\u00e4ffade cerebrala effekter och kroppslig avkoppling. Tack vare sin \u00f6verl\u00e4gsna kvalitet och unika produktionsmetod \u00e4r denna hasch perfekt f\u00f6r balanserad avkoppling som ocks\u00e5 stimulerar sinnet. Den distinkta r\u00f6da f\u00e4rgen kommer fr\u00e5n en process med torkning och mognad i solen, vilket ger denna hasch en unik visuell och aromatisk profil.<\/p>\n<ul>\n<li><strong>Dofter<\/strong> Jordig, kryddig, med inslag av tall och \u00f6rter<\/li>\n<li><strong>Effekter<\/strong> Cerebral, avslappnande, balanserad<\/li>\n<li><strong>Perfekt f\u00f6r<\/strong> Kv\u00e4llsavslappning, mental stimulans, fysisk avslappning<\/li>\n<\/ul>\n<h3>Smak och doft av libanesisk r\u00f6d haschish<\/h3>\n<p>Le <strong>R\u00f6d libanesisk haschish<\/strong> k\u00e4nnetecknas av sin rika smak och arom. Dess profil \u00e4r jordig med en antydan till kryddor och tall, f\u00f6rst\u00e4rkt av de karakteristiska s\u00f6ta tonerna fr\u00e5n v\u00e4xtens naturliga pistiller. Smakupplevelsen \u00e4r lika unik som den r\u00f6da f\u00e4rgen, impregnerad av den naturliga mognadsprocessen under den libanesiska solen.<a href=\"https:\/\/fuelpackz.com\/\" target=\"_blank\" rel=\"noopener\">.<\/a><\/p>\n<ul>\n<li><strong>Smaker<\/strong> Jordig, Kryddig, \u00d6rtliknande s\u00f6tma<\/li>\n<li><strong>Dofter<\/strong> Tall, Jordig, Kryddiga noter<\/li>\n<\/ul>\n<h3>Anv\u00e4ndning och erfarenhet<\/h3>\n<p>Tack vare sin smidiga konsistens och renhet \u00e4r <strong>R\u00f6d libanesisk haschish<\/strong> \u00e4r l\u00e4tt att hantera och anpassar sig till olika konsumtionsmetoder:<\/p>\n<ul>\n<li><strong>R\u00f6kning i pipa eller bong<\/strong> f\u00f6r en snabb och direkt upplevelse.<\/li>\n<li><strong>Spray<\/strong> f\u00f6r att njuta av ren smak och kontroll \u00f6ver effekterna.<\/li>\n<li><strong>L\u00e4gg till i en joint<\/strong> f\u00f6r att f\u00f6rst\u00e4rka smaken och intensiteten i effekterna.<\/li>\n<\/ul>\n<h3>Best\u00e4ll Red Lebanese Hashish online fr\u00e5n Pressure Zone Shop<\/h3>\n<p>Redo att utforska de unika effekterna och de rika smakerna av <strong>R\u00f6d libanesisk haschish<\/strong> ? Best\u00e4ll nu p\u00e5 <a href=\"https:\/\/pressurezone.shop\/sv\/\" target=\"_new\" rel=\"noopener\">Tryckzonsbutik<\/a> f\u00f6r en autentisk haschupplevelse, perfekt f\u00f6r dem som letar efter kvalitet och styrka. <strong>R\u00f6d libanesisk haschish<\/strong> \u00e4r det perfekta valet f\u00f6r balanserad avkoppling och en djupdykning i historien om hasch av h\u00f6g kvalitet.<\/p>","protected":false},"excerpt":{"rendered":"<p>Achetez le Haschisch Rouge Libanais en Ligne en Europe sur Pressure Zone Shop D\u00e9couvrez le l\u00e9gendaire Haschisch Rouge Libanais, une variante renomm\u00e9e pour ses effets c\u00e9r\u00e9braux puissants, bien que toujours accompagn\u00e9 d&rsquo;une relaxation corporelle profonde. Plus stimulant que d\u2019autres types de haschisch traditionnels, le Haschisch Rouge Libanais offre une exp\u00e9rience unique, avec un stone corporel [&hellip;]<\/p>","protected":false},"featured_media":3518,"comment_status":"closed","ping_status":"closed","template":"","meta":{"_uag_custom_page_level_css":"","site-sidebar-layout":"default","site-content-layout":"","ast-site-content-layout":"default","site-content-style":"default","site-sidebar-style":"default","ast-global-header-display":"","ast-banner-title-visibility":"","ast-main-header-display":"","ast-hfb-above-header-display":"","ast-hfb-below-header-display":"","ast-hfb-mobile-header-display":"","site-post-title":"","ast-breadcrumbs-content":"","ast-featured-img":"","footer-sml-layout":"","theme-transparent-header-meta":"default","adv-header-id-meta":"","stick-header-meta":"","header-above-stick-meta":"","header-main-stick-meta":"","header-below-stick-meta":"","astra-migrate-meta-layouts":"set","ast-page-background-enabled":"default","ast-page-background-meta":{"desktop":{"background-color":"","background-image":"","background-repeat":"repeat","background-position":"center center","background-size":"auto","background-attachment":"scroll","background-type":"","background-media":"","overlay-type":"","overlay-color":"","overlay-opacity":"","overlay-gradient":""},"tablet":{"background-color":"","background-image":"","background-repeat":"repeat","background-position":"center center","background-size":"auto","background-attachment":"scroll","background-type":"","background-media":"","overlay-type":"","overlay-color":"","overlay-opacity":"","overlay-gradient":""},"mobile":{"background-color":"","background-image":"","background-repeat":"repeat","background-position":"center center","background-size":"auto","background-attachment":"scroll","background-type":"","background-media":"","overlay-type":"","overlay-color":"","overlay-opacity":"","overlay-gradient":""}},"ast-content-background-meta":{"desktop":{"background-color":"var(--ast-global-color-5)","background-image":"","background-repeat":"repeat","background-position":"center center","background-size":"auto","background-attachment":"scroll","background-type":"","background-media":"","overlay-type":"","overlay-color":"","overlay-opacity":"","overlay-gradient":""},"tablet":{"background-color":"var(--ast-global-color-5)","background-image":"","background-repeat":"repeat","background-position":"center center","background-size":"auto","background-attachment":"scroll","background-type":"","background-media":"","overlay-type":"","overlay-color":"","overlay-opacity":"","overlay-gradient":""},"mobile":{"background-color":"var(--ast-global-color-5)","background-image":"","background-repeat":"repeat","background-position":"center center","background-size":"auto","background-attachment":"scroll","background-type":"","background-media":"","overlay-type":"","overlay-color":"","overlay-opacity":"","overlay-gradient":""}}},"product_brand":[],"product_cat":[334,29],"product_tag":[493],"class_list":{"0":"post-3473","1":"product","2":"type-product","3":"status-publish","4":"has-post-thumbnail","6":"product_cat-concentres-de-marijuana","7":"product_cat-haschisch","8":"product_tag-buy-red-lebanese-hash-europe","9":"desktop-align-left","10":"tablet-align-left","11":"mobile-align-left","13":"first","14":"instock","15":"shipping-taxable","16":"purchasable","17":"product-type-variable"},"uagb_featured_image_src":{"full":["https:\/\/pressurezone.shop\/wp-content\/uploads\/2024\/10\/Buy-Red-Lebanese-Hash.jpg",768,768,false],"thumbnail":["https:\/\/pressurezone.shop\/wp-content\/uploads\/2024\/10\/Buy-Red-Lebanese-Hash-150x150.jpg",150,150,true],"medium":["https:\/\/pressurezone.shop\/wp-content\/uploads\/2024\/10\/Buy-Red-Lebanese-Hash-300x300.jpg",300,300,true],"medium_large":["https:\/\/pressurezone.shop\/wp-content\/uploads\/2024\/10\/Buy-Red-Lebanese-Hash.jpg",768,768,false],"large":["https:\/\/pressurezone.shop\/wp-content\/uploads\/2024\/10\/Buy-Red-Lebanese-Hash.jpg",768,768,false],"1536x1536":["https:\/\/pressurezone.shop\/wp-content\/uploads\/2024\/10\/Buy-Red-Lebanese-Hash.jpg",768,768,false],"2048x2048":["https:\/\/pressurezone.shop\/wp-content\/uploads\/2024\/10\/Buy-Red-Lebanese-Hash.jpg",768,768,false],"trp-custom-language-flag":["https:\/\/pressurezone.shop\/wp-content\/uploads\/2024\/10\/Buy-Red-Lebanese-Hash-12x12.jpg",12,12,true],"woocommerce_thumbnail":["https:\/\/pressurezone.shop\/wp-content\/uploads\/2024\/10\/Buy-Red-Lebanese-Hash-300x300.jpg",300,300,true],"woocommerce_single":["https:\/\/pressurezone.shop\/wp-content\/uploads\/2024\/10\/Buy-Red-Lebanese-Hash-600x600.jpg",600,600,true],"woocommerce_gallery_thumbnail":["https:\/\/pressurezone.shop\/wp-content\/uploads\/2024\/10\/Buy-Red-Lebanese-Hash-100x100.jpg",100,100,true]},"uagb_author_info":{"display_name":"pressurezone.shop","author_link":"https:\/\/pressurezone.shop\/sv\/author\/"},"uagb_comment_info":0,"uagb_excerpt":"Achetez le Haschisch Rouge Libanais en Ligne en Europe sur Pressure Zone Shop D\u00e9couvrez le l\u00e9gendaire Haschisch Rouge Libanais, une variante renomm\u00e9e pour ses effets c\u00e9r\u00e9braux puissants, bien que toujours accompagn\u00e9 d&rsquo;une relaxation corporelle profonde. Plus stimulant que d\u2019autres types de haschisch traditionnels, le Haschisch Rouge Libanais offre une exp\u00e9rience unique, avec un stone corporel&hellip;","_links":{"self":[{"href":"https:\/\/pressurezone.shop\/sv\/wp-json\/wp\/v2\/product\/3473"}],"collection":[{"href":"https:\/\/pressurezone.shop\/sv\/wp-json\/wp\/v2\/product"}],"about":[{"href":"https:\/\/pressurezone.shop\/sv\/wp-json\/wp\/v2\/types\/product"}],"replies":[{"embeddable":true,"href":"https:\/\/pressurezone.shop\/sv\/wp-json\/wp\/v2\/comments?post=3473"}],"version-history":[{"count":3,"href":"https:\/\/pressurezone.shop\/sv\/wp-json\/wp\/v2\/product\/3473\/revisions"}],"predecessor-version":[{"id":4158,"href":"https:\/\/pressurezone.shop\/sv\/wp-json\/wp\/v2\/product\/3473\/revisions\/4158"}],"wp:featuredmedia":[{"embeddable":true,"href":"https:\/\/pressurezone.shop\/sv\/wp-json\/wp\/v2\/media\/3518"}],"wp:attachment":[{"href":"https:\/\/pressurezone.shop\/sv\/wp-json\/wp\/v2\/media?parent=3473"}],"wp:term":[{"taxonomy":"product_brand","embeddable":true,"href":"https:\/\/pressurezone.shop\/sv\/wp-json\/wp\/v2\/product_brand?post=3473"},{"taxonomy":"product_cat","embeddable":true,"href":"https:\/\/pressurezone.shop\/sv\/wp-json\/wp\/v2\/product_cat?post=3473"},{"taxonomy":"product_tag","embeddable":true,"href":"https:\/\/pressurezone.shop\/sv\/wp-json\/wp\/v2\/product_tag?post=3473"}],"curies":[{"name":"wp","href":"https:\/\/api.w.org\/{rel}","templated":true}]}}